{"id":281,"date":"2024-07-17T14:58:07","date_gmt":"2024-07-17T14:58:07","guid":{"rendered":"https:\/\/lanotadulce.cl\/producto\/rollos-de-mazapan-con-pasas\/"},"modified":"2024-08-08T17:24:40","modified_gmt":"2024-08-08T17:24:40","slug":"rollos-de-mazapan-con-pasas","status":"publish","type":"product","link":"https:\/\/lanotadulce.cl\/de\/product\/rollos-de-mazapan-con-pasas\/","title":{"rendered":"Marzipanschnecken"},"content":{"rendered":"<p>Gerolltes Geb\u00e4ck, bestehend aus Schichten von luftigem Teig und einer cremigen Marzipanmasse mit Rosinen sowie Mandelbl\u00e4ttchen. Perfekt zum Fr\u00fchst\u00fcck, Mittagessen oder zum Tee oder Kaffee.<\/p>","protected":false},"excerpt":{"rendered":"<p>Gerolltes Geb\u00e4ck, bestehend aus Schichten von luftigem Teig und einer cremigen Marzipanmasse mit Rosinen sowie Mandelbl\u00e4ttchen. Perfekt zum Fr\u00fchst\u00fcck, Mittagessen oder zum Tee oder Kaffee.<\/p>","protected":false},"featured_media":489,"comment_status":"open","ping_status":"closed","template":"","meta":{"_joinchat":[]},"product_cat":[26],"product_tag":[],"class_list":{"0":"post-281","1":"product","2":"type-product","3":"status-publish","4":"has-post-thumbnail","6":"product_cat-pasteleria","7":"has-post-title","8":"has-post-date","9":"has-post-category","10":"has-post-tag","11":"has-post-comment","12":"has-post-author","13":"","15":"first","16":"instock","17":"shipping-taxable","18":"purchasable","19":"product-type-variable"},"_links":{"self":[{"href":"https:\/\/lanotadulce.cl\/de\/wp-json\/wp\/v2\/product\/281","targetHints":{"allow":["GET"]}}],"collection":[{"href":"https:\/\/lanotadulce.cl\/de\/wp-json\/wp\/v2\/product"}],"about":[{"href":"https:\/\/lanotadulce.cl\/de\/wp-json\/wp\/v2\/types\/product"}],"replies":[{"embeddable":true,"href":"https:\/\/lanotadulce.cl\/de\/wp-json\/wp\/v2\/comments?post=281"}],"wp:featuredmedia":[{"embeddable":true,"href":"https:\/\/lanotadulce.cl\/de\/wp-json\/wp\/v2\/media\/489"}],"wp:attachment":[{"href":"https:\/\/lanotadulce.cl\/de\/wp-json\/wp\/v2\/media?parent=281"}],"wp:term":[{"taxonomy":"product_cat","embeddable":true,"href":"https:\/\/lanotadulce.cl\/de\/wp-json\/wp\/v2\/product_cat?post=281"},{"taxonomy":"product_tag","embeddable":true,"href":"https:\/\/lanotadulce.cl\/de\/wp-json\/wp\/v2\/product_tag?post=281"}],"curies":[{"name":"wp","href":"https:\/\/api.w.org\/{rel}","templated":true}]}}