{"id":279,"date":"2024-07-17T14:58:06","date_gmt":"2024-07-17T14:58:06","guid":{"rendered":"https:\/\/lanotadulce.cl\/producto\/rollos-de-canela\/"},"modified":"2024-07-31T22:32:44","modified_gmt":"2024-07-31T22:32:44","slug":"rollos-de-canela","status":"publish","type":"product","link":"https:\/\/lanotadulce.cl\/de\/product\/rollos-de-canela\/","title":{"rendered":"Zimtbr\u00f6tchen"},"content":{"rendered":"<p>Leckere gebackene Zimtbr\u00f6tchen, mit Zucker glasiert. Ideal zum Fr\u00fchst\u00fcck, Mittagessen oder als Dessert.<\/p>","protected":false},"excerpt":{"rendered":"<p>Leckere gebackene Zimtbr\u00f6tchen, mit Zucker glasiert. Ideal zum Fr\u00fchst\u00fcck, Mittagessen oder als Dessert.<\/p>","protected":false},"featured_media":351,"comment_status":"open","ping_status":"closed","template":"","meta":{"_joinchat":[]},"product_cat":[26],"product_tag":[],"class_list":{"0":"post-279","1":"product","2":"type-product","3":"status-publish","4":"has-post-thumbnail","6":"product_cat-pasteleria","7":"has-post-title","8":"has-post-date","9":"has-post-category","10":"has-post-tag","11":"has-post-comment","12":"has-post-author","13":"","15":"first","16":"instock","17":"shipping-taxable","18":"purchasable","19":"product-type-variable"},"_links":{"self":[{"href":"https:\/\/lanotadulce.cl\/de\/wp-json\/wp\/v2\/product\/279","targetHints":{"allow":["GET"]}}],"collection":[{"href":"https:\/\/lanotadulce.cl\/de\/wp-json\/wp\/v2\/product"}],"about":[{"href":"https:\/\/lanotadulce.cl\/de\/wp-json\/wp\/v2\/types\/product"}],"replies":[{"embeddable":true,"href":"https:\/\/lanotadulce.cl\/de\/wp-json\/wp\/v2\/comments?post=279"}],"wp:featuredmedia":[{"embeddable":true,"href":"https:\/\/lanotadulce.cl\/de\/wp-json\/wp\/v2\/media\/351"}],"wp:attachment":[{"href":"https:\/\/lanotadulce.cl\/de\/wp-json\/wp\/v2\/media?parent=279"}],"wp:term":[{"taxonomy":"product_cat","embeddable":true,"href":"https:\/\/lanotadulce.cl\/de\/wp-json\/wp\/v2\/product_cat?post=279"},{"taxonomy":"product_tag","embeddable":true,"href":"https:\/\/lanotadulce.cl\/de\/wp-json\/wp\/v2\/product_tag?post=279"}],"curies":[{"name":"wp","href":"https:\/\/api.w.org\/{rel}","templated":true}]}}