{"id":278,"date":"2024-07-17T14:58:05","date_gmt":"2024-07-17T14:58:05","guid":{"rendered":"https:\/\/lanotadulce.cl\/producto\/berlines-de-manzana\/"},"modified":"2024-07-31T22:31:22","modified_gmt":"2024-07-31T22:31:22","slug":"berlines-de-manzana","status":"publish","type":"product","link":"https:\/\/lanotadulce.cl\/de\/product\/berlines-de-manzana\/","title":{"rendered":"Apfelberliner"},"content":{"rendered":"<p>K\u00f6stliche Berliner-Teig-Rolle mit Apfelst\u00fcckchen, gebraten und mit Kristallzucker bestreut. Ideal zum Fr\u00fchst\u00fcck oder Mittagessen, als Snack oder als Dessert.<\/p>","protected":false},"excerpt":{"rendered":"<p>K\u00f6stliche Berliner-Teig-Rolle mit Apfelst\u00fcckchen, gebraten und mit Kristallzucker bestreut. Ideal zum Fr\u00fchst\u00fcck oder Mittagessen, als Snack oder als Dessert.<\/p>","protected":false},"featured_media":331,"comment_status":"open","ping_status":"closed","template":"","meta":{"_joinchat":[]},"product_cat":[26],"product_tag":[],"class_list":{"0":"post-278","1":"product","2":"type-product","3":"status-publish","4":"has-post-thumbnail","6":"product_cat-pasteleria","7":"has-post-title","8":"has-post-date","9":"has-post-category","10":"has-post-tag","11":"has-post-comment","12":"has-post-author","13":"","15":"first","16":"instock","17":"shipping-taxable","18":"purchasable","19":"product-type-simple"},"_links":{"self":[{"href":"https:\/\/lanotadulce.cl\/de\/wp-json\/wp\/v2\/product\/278","targetHints":{"allow":["GET"]}}],"collection":[{"href":"https:\/\/lanotadulce.cl\/de\/wp-json\/wp\/v2\/product"}],"about":[{"href":"https:\/\/lanotadulce.cl\/de\/wp-json\/wp\/v2\/types\/product"}],"replies":[{"embeddable":true,"href":"https:\/\/lanotadulce.cl\/de\/wp-json\/wp\/v2\/comments?post=278"}],"wp:featuredmedia":[{"embeddable":true,"href":"https:\/\/lanotadulce.cl\/de\/wp-json\/wp\/v2\/media\/331"}],"wp:attachment":[{"href":"https:\/\/lanotadulce.cl\/de\/wp-json\/wp\/v2\/media?parent=278"}],"wp:term":[{"taxonomy":"product_cat","embeddable":true,"href":"https:\/\/lanotadulce.cl\/de\/wp-json\/wp\/v2\/product_cat?post=278"},{"taxonomy":"product_tag","embeddable":true,"href":"https:\/\/lanotadulce.cl\/de\/wp-json\/wp\/v2\/product_tag?post=278"}],"curies":[{"name":"wp","href":"https:\/\/api.w.org\/{rel}","templated":true}]}}