{"id":277,"date":"2024-07-17T14:58:04","date_gmt":"2024-07-17T14:58:04","guid":{"rendered":"https:\/\/lanotadulce.cl\/producto\/anillos-de-mazapan\/"},"modified":"2024-08-08T17:24:54","modified_gmt":"2024-08-08T17:24:54","slug":"anillos-de-mazapan","status":"publish","type":"product","link":"https:\/\/lanotadulce.cl\/de\/product\/anillos-de-mazapan\/","title":{"rendered":"Marzipanringe"},"content":{"rendered":"<p>K\u00f6stliches Geb\u00e4ck mit rundem M\u00fcrbeteig und einem Ring aus Marzipanmasse, gef\u00fcllt mit Aprikosenmarmelade, gebacken. Auch bekannt als Ochsenaugen, Pfauenaugen oder Vogelnest.<\/p>","protected":false},"excerpt":{"rendered":"<p>K\u00f6stliches Geb\u00e4ck mit rundem M\u00fcrbeteig und einem Ring aus Marzipanmasse, gef\u00fcllt mit Aprikosenmarmelade, gebacken. Auch bekannt als Ochsenaugen, Pfauenaugen oder Vogelnest.<\/p>","protected":false},"featured_media":489,"comment_status":"open","ping_status":"closed","template":"","meta":{"_joinchat":[]},"product_cat":[26],"product_tag":[],"class_list":{"0":"post-277","1":"product","2":"type-product","3":"status-publish","4":"has-post-thumbnail","6":"product_cat-pasteleria","7":"has-post-title","8":"has-post-date","9":"has-post-category","10":"has-post-tag","11":"has-post-comment","12":"has-post-author","13":"","15":"first","16":"instock","17":"shipping-taxable","18":"purchasable","19":"product-type-simple"},"_links":{"self":[{"href":"https:\/\/lanotadulce.cl\/de\/wp-json\/wp\/v2\/product\/277","targetHints":{"allow":["GET"]}}],"collection":[{"href":"https:\/\/lanotadulce.cl\/de\/wp-json\/wp\/v2\/product"}],"about":[{"href":"https:\/\/lanotadulce.cl\/de\/wp-json\/wp\/v2\/types\/product"}],"replies":[{"embeddable":true,"href":"https:\/\/lanotadulce.cl\/de\/wp-json\/wp\/v2\/comments?post=277"}],"wp:featuredmedia":[{"embeddable":true,"href":"https:\/\/lanotadulce.cl\/de\/wp-json\/wp\/v2\/media\/489"}],"wp:attachment":[{"href":"https:\/\/lanotadulce.cl\/de\/wp-json\/wp\/v2\/media?parent=277"}],"wp:term":[{"taxonomy":"product_cat","embeddable":true,"href":"https:\/\/lanotadulce.cl\/de\/wp-json\/wp\/v2\/product_cat?post=277"},{"taxonomy":"product_tag","embeddable":true,"href":"https:\/\/lanotadulce.cl\/de\/wp-json\/wp\/v2\/product_tag?post=277"}],"curies":[{"name":"wp","href":"https:\/\/api.w.org\/{rel}","templated":true}]}}