{"id":276,"date":"2024-07-17T14:58:04","date_gmt":"2024-07-17T14:58:04","guid":{"rendered":"https:\/\/lanotadulce.cl\/producto\/waffles-goffres\/"},"modified":"2024-08-16T13:19:27","modified_gmt":"2024-08-16T13:19:27","slug":"waffles-goffres","status":"publish","type":"product","link":"https:\/\/lanotadulce.cl\/de\/product\/waffles-goffres\/","title":{"rendered":"Waffle"},"content":{"rendered":"<p>Dicker Keks mit einer knusprigen Au\u00dfenseite und einem schwammigen Inneren, bestreut mit Puderzucker. Man kann ihn allein essen, aber auch mit Obst, Eis, So\u00dfen und Belag. Ideal f\u00fcr Snacks, zum Fr\u00fchst\u00fcck oder um elf Uhr.<\/p>","protected":false},"excerpt":{"rendered":"<p>Dicker Keks mit einer knusprigen Au\u00dfenseite und einem schwammigen Inneren, bestreut mit Puderzucker. Man kann ihn allein essen, aber auch mit Obst, Eis, So\u00dfen und Belag. Ideal f\u00fcr Snacks, zum Fr\u00fchst\u00fcck oder um elf Uhr.<\/p>","protected":false},"featured_media":489,"comment_status":"open","ping_status":"closed","template":"","meta":{"_joinchat":[]},"product_cat":[26],"product_tag":[],"class_list":{"0":"post-276","1":"product","2":"type-product","3":"status-publish","4":"has-post-thumbnail","6":"product_cat-pasteleria","7":"has-post-title","8":"has-post-date","9":"has-post-category","10":"has-post-tag","11":"has-post-comment","12":"has-post-author","13":"","15":"first","16":"instock","17":"shipping-taxable","18":"purchasable","19":"product-type-variable"},"_links":{"self":[{"href":"https:\/\/lanotadulce.cl\/de\/wp-json\/wp\/v2\/product\/276","targetHints":{"allow":["GET"]}}],"collection":[{"href":"https:\/\/lanotadulce.cl\/de\/wp-json\/wp\/v2\/product"}],"about":[{"href":"https:\/\/lanotadulce.cl\/de\/wp-json\/wp\/v2\/types\/product"}],"replies":[{"embeddable":true,"href":"https:\/\/lanotadulce.cl\/de\/wp-json\/wp\/v2\/comments?post=276"}],"wp:featuredmedia":[{"embeddable":true,"href":"https:\/\/lanotadulce.cl\/de\/wp-json\/wp\/v2\/media\/489"}],"wp:attachment":[{"href":"https:\/\/lanotadulce.cl\/de\/wp-json\/wp\/v2\/media?parent=276"}],"wp:term":[{"taxonomy":"product_cat","embeddable":true,"href":"https:\/\/lanotadulce.cl\/de\/wp-json\/wp\/v2\/product_cat?post=276"},{"taxonomy":"product_tag","embeddable":true,"href":"https:\/\/lanotadulce.cl\/de\/wp-json\/wp\/v2\/product_tag?post=276"}],"curies":[{"name":"wp","href":"https:\/\/api.w.org\/{rel}","templated":true}]}}