{"id":272,"date":"2024-07-17T14:58:03","date_gmt":"2024-07-17T14:58:03","guid":{"rendered":"https:\/\/lanotadulce.cl\/producto\/kuchen-de-ciruelas\/"},"modified":"2024-08-08T17:40:38","modified_gmt":"2024-08-08T17:40:38","slug":"kuchen-de-ciruelas","status":"publish","type":"product","link":"https:\/\/lanotadulce.cl\/de\/product\/kuchen-de-ciruelas\/","title":{"rendered":"Pflaumenkuchen"},"content":{"rendered":"<p>Klassische Geschmackskombination zwischen der s\u00fc\u00dfen und zarten S\u00e4ure der Pflaumen und der S\u00fc\u00dfe des Hefeteigs. Zus\u00e4tzlich wird er mit traditionellem deutschen Streusel bestreut.<\/p>","protected":false},"excerpt":{"rendered":"<p>Klassische Geschmackskombination zwischen der s\u00fc\u00dfen und zarten S\u00e4ure der Pflaumen und der S\u00fc\u00dfe des Hefeteigs. Zus\u00e4tzlich wird er mit traditionellem deutschen Streusel bestreut.<\/p>","protected":false},"featured_media":489,"comment_status":"open","ping_status":"closed","template":"","meta":{"_joinchat":[]},"product_cat":[26],"product_tag":[],"class_list":{"0":"post-272","1":"product","2":"type-product","3":"status-publish","4":"has-post-thumbnail","6":"product_cat-pasteleria","7":"has-post-title","8":"has-post-date","9":"has-post-category","10":"has-post-tag","11":"has-post-comment","12":"has-post-author","13":"","15":"first","16":"instock","17":"shipping-taxable","18":"purchasable","19":"product-type-variable"},"_links":{"self":[{"href":"https:\/\/lanotadulce.cl\/de\/wp-json\/wp\/v2\/product\/272","targetHints":{"allow":["GET"]}}],"collection":[{"href":"https:\/\/lanotadulce.cl\/de\/wp-json\/wp\/v2\/product"}],"about":[{"href":"https:\/\/lanotadulce.cl\/de\/wp-json\/wp\/v2\/types\/product"}],"replies":[{"embeddable":true,"href":"https:\/\/lanotadulce.cl\/de\/wp-json\/wp\/v2\/comments?post=272"}],"wp:featuredmedia":[{"embeddable":true,"href":"https:\/\/lanotadulce.cl\/de\/wp-json\/wp\/v2\/media\/489"}],"wp:attachment":[{"href":"https:\/\/lanotadulce.cl\/de\/wp-json\/wp\/v2\/media?parent=272"}],"wp:term":[{"taxonomy":"product_cat","embeddable":true,"href":"https:\/\/lanotadulce.cl\/de\/wp-json\/wp\/v2\/product_cat?post=272"},{"taxonomy":"product_tag","embeddable":true,"href":"https:\/\/lanotadulce.cl\/de\/wp-json\/wp\/v2\/product_tag?post=272"}],"curies":[{"name":"wp","href":"https:\/\/api.w.org\/{rel}","templated":true}]}}