{"id":269,"date":"2024-07-17T14:58:02","date_gmt":"2024-07-17T14:58:02","guid":{"rendered":"https:\/\/lanotadulce.cl\/producto\/cheesecake-kuchen-de-quesillo\/"},"modified":"2026-02-09T05:50:19","modified_gmt":"2026-02-09T05:50:19","slug":"cheesecake-kuchen-de-quesillo","status":"publish","type":"product","link":"https:\/\/lanotadulce.cl\/de\/product\/cheesecake-kuchen-de-quesillo\/","title":{"rendered":"K\u00e4sekuchen"},"content":{"rendered":"<p>Weiche nat\u00fcrliche Cremige K\u00e4sekuchenmasse, von La Nota Dulce auf traditionnelle Weise hergestellt, auf einem M\u00fcrbeteigboden.<\/p>","protected":false},"excerpt":{"rendered":"<p>Weiche nat\u00fcrliche Cremige K\u00e4sekuchenmasse, von La Nota Dulce auf traditionnelle Weise hergestellt, auf einem M\u00fcrbeteigboden.<\/p>","protected":false},"featured_media":334,"comment_status":"open","ping_status":"closed","template":"","meta":{"_joinchat":[]},"product_cat":[26],"product_tag":[],"class_list":{"0":"post-269","1":"product","2":"type-product","3":"status-publish","4":"has-post-thumbnail","6":"product_cat-pasteleria","7":"has-post-title","8":"has-post-date","9":"has-post-category","10":"has-post-tag","11":"has-post-comment","12":"has-post-author","13":"","15":"first","16":"instock","17":"shipping-taxable","18":"purchasable","19":"product-type-variable"},"_links":{"self":[{"href":"https:\/\/lanotadulce.cl\/de\/wp-json\/wp\/v2\/product\/269","targetHints":{"allow":["GET"]}}],"collection":[{"href":"https:\/\/lanotadulce.cl\/de\/wp-json\/wp\/v2\/product"}],"about":[{"href":"https:\/\/lanotadulce.cl\/de\/wp-json\/wp\/v2\/types\/product"}],"replies":[{"embeddable":true,"href":"https:\/\/lanotadulce.cl\/de\/wp-json\/wp\/v2\/comments?post=269"}],"wp:featuredmedia":[{"embeddable":true,"href":"https:\/\/lanotadulce.cl\/de\/wp-json\/wp\/v2\/media\/334"}],"wp:attachment":[{"href":"https:\/\/lanotadulce.cl\/de\/wp-json\/wp\/v2\/media?parent=269"}],"wp:term":[{"taxonomy":"product_cat","embeddable":true,"href":"https:\/\/lanotadulce.cl\/de\/wp-json\/wp\/v2\/product_cat?post=269"},{"taxonomy":"product_tag","embeddable":true,"href":"https:\/\/lanotadulce.cl\/de\/wp-json\/wp\/v2\/product_tag?post=269"}],"curies":[{"name":"wp","href":"https:\/\/api.w.org\/{rel}","templated":true}]}}